{"id":18,"date":"2009-10-06T13:22:51","date_gmt":"2009-10-06T13:22:51","guid":{"rendered":"http:\/\/hrachovec.philo.at\/?page_id=18"},"modified":"2017-02-16T19:15:23","modified_gmt":"2017-02-16T19:15:23","slug":"lernobjekte","status":"publish","type":"page","link":"https:\/\/hrachovec.philo.at\/?page_id=18","title":{"rendered":"Lernobjekte"},"content":{"rendered":"<p><b>&#8222;Lernobjekte&#8220; ist ein technischer Ausdruck f\u00fcr kompakte und wiederverwendbare p\u00e4dagogische Pr\u00e4sentationen, die digital transferiert werden k\u00f6nnen. Die folgenden Beispiele sind aus Experimenten mit diesem Inhaltstyp entstanden.<\/b><\/p>\n<h3>Zu Hegel:<\/h3>\n\n<ul>\n<li><a href=\"http:\/\/philo.at\/ilias\/ilias.php?baseClass=ilLMPresentationGUI&#038;ref_id=128\">Einstiegshilfen, Panorama<\/a>\n<li><a href=\"http:\/\/philo.at\/ilias\/ilias.php?baseClass=ilSAHSPresentationGUI&#038;ref_id=69\">Beginn der Differenzschrift<\/a>\n<li><a href=\"http:\/\/philo.at\/ilias\/ilias.php?baseClass=ilSAHSPresentationGUI&#038;ref_id=68\">Einleitung zur &#8222;Ph\u00e4nomenologie des Geistes&#8220;<\/a>\n<li><a href=\"http:\/\/philo.at\/ilias\/ilias.php?baseClass=ilSAHSPresentationGUI&#038;ref_id=138\">Thesen zur sinnlichen Gewissheit<\/a>\n<li><a href=\"http:\/\/philo.at\/ilias\/ilias.php?baseClass=ilSAHSPresentationGUI&#038;ref_id=134\">Hegel: mehr (Nicolas Reitbauer)<\/a>\n<\/ul>\n<h3>Zu Wittgenstein:<\/h3>\n\n<ul>\n<li><a href=\"http:\/\/philo.at\/ilias\/ilias.php?baseClass=ilSAHSPresentationGUI&#038;ref_id=129\">Die Bildbasis von Wittgensteins Traktat<\/a>\n<li><a href=\"http:\/\/philo.at\/ilias\/goto.php?target=sahs_113&#038;client_id=priamos\">Big Typescript. Die ersten 6 Abschnitte<\/a>\n<li><a href=\"http:\/\/philo.at\/ilias\/data\/priamos\/lm_data\/lm_540\/lm_581\/index.html\">Big Typescript: Verstehen &#8211; Textgenese<\/a>\n<li><a href=\"http:\/\/philo.at\/ilias\/ilias.php?baseClass=ilLMPresentationGUI&#038;ref_id=115\">Big Typescript. Vorlesungsunterlagen<\/a>\n<li><a href=\"http:\/\/philo.at\/ilias\/ilias.php?baseClass=ilLMPresentationGUI&#038;ref_id=116\">Beginn Philosophische Untersuchungen (Synopse)<\/a>\n<\/ul>\n<h3>Diverses:<\/h3>\n\n<ul>\n<li><a href=\"http:\/\/philo.at\/ilias\/ilias.php?baseClass=ilSAHSPresentationGUI&#038;ref_id=91\">Objekt und Klasse, Gegenstand und Begriff&#8220;<\/a>\n<li><a href=\"http:\/\/philo.at\/ilias\/goto.php?target=pg_254_122&#038;client_id=priamos\">Griff und Begriff. Zur Logik von Logos<\/a>\n<li>Die Jahre 2004 und 2005 brachten Tsunami, Hurrikans und Erdbeben. Anlass genug, nicht nur \u00fcber Zerst\u00f6rungspotenziale und Hilfsma\u00dfnahmen, sondern auch \u00fcber die Modalit\u00e4ten nachzudenken, unter denen Naturkatastrophen wahrgenommen und berichtet werden.  <a href=\"http:\/\/patty.phl.univie.ac.at\/~herbert\/wp-content\/uploads\/lm_484\">Katastrophen 19006\/2006<\/a>\n<\/ul>\n","protected":false},"excerpt":{"rendered":"<p>&#8222;Lernobjekte&#8220; ist ein technischer Ausdruck f\u00fcr kompakte und wiederverwendbare p\u00e4dagogische Pr\u00e4sentationen, die digital transferiert werden k\u00f6nnen. Die folgenden Beispiele sind aus Experimenten mit diesem Inhaltstyp entstanden. Zu Hegel: Einstiegshilfen, Panorama Beginn der Differenzschrift Einleitung zur &#8222;Ph\u00e4nomenologie des Geistes&#8220; Thesen zur sinnlichen Gewissheit Hegel: mehr (Nicolas Reitbauer) Zu Wittgenstein: Die Bildbasis von Wittgensteins Traktat Big Typescript.&hellip; <a class=\"read-more\" href=\"https:\/\/hrachovec.philo.at\/?page_id=18\">Read More<\/a><\/p>\n","protected":false},"author":1,"featured_media":0,"parent":0,"menu_order":0,"comment_status":"open","ping_status":"open","template":"","meta":{"ngg_post_thumbnail":0,"footnotes":""},"class_list":["post-18","page","type-page","status-publish","hentry"],"_links":{"self":[{"href":"https:\/\/hrachovec.philo.at\/index.php?rest_route=\/wp\/v2\/pages\/18","targetHints":{"allow":["GET"]}}],"collection":[{"href":"https:\/\/hrachovec.philo.at\/index.php?rest_route=\/wp\/v2\/pages"}],"about":[{"href":"https:\/\/hrachovec.philo.at\/index.php?rest_route=\/wp\/v2\/types\/page"}],"author":[{"embeddable":true,"href":"https:\/\/hrachovec.philo.at\/index.php?rest_route=\/wp\/v2\/users\/1"}],"replies":[{"embeddable":true,"href":"https:\/\/hrachovec.philo.at\/index.php?rest_route=%2Fwp%2Fv2%2Fcomments&post=18"}],"version-history":[{"count":0,"href":"https:\/\/hrachovec.philo.at\/index.php?rest_route=\/wp\/v2\/pages\/18\/revisions"}],"wp:attachment":[{"href":"https:\/\/hrachovec.philo.at\/index.php?rest_route=%2Fwp%2Fv2%2Fmedia&parent=18"}],"curies":[{"name":"wp","href":"https:\/\/api.w.org\/{rel}","templated":true}]}}