{"id":345,"date":"2016-09-10T11:12:03","date_gmt":"2016-09-10T11:12:03","guid":{"rendered":"http:\/\/krach.philo.at\/?page_id=345"},"modified":"2024-03-03T11:50:16","modified_gmt":"2024-03-03T10:50:16","slug":"wissenschaftliche-publikationen-open-access","status":"publish","type":"page","link":"https:\/\/hrachovec.philo.at\/?page_id=345","title":{"rendered":"Wissenschaftliche Publikationen, open access"},"content":{"rendered":"\n<p>Ein Beitrag auf der Informationsplattform <a href=\"https:\/\/open-access.net\/AT-DE\/informationen-fuer-verschiedene-faecher\/philosophie\/\">Der freie Zugang zu wissenschaftlicher Information<\/a> erl\u00e4utert die Idee und den Stand der Verwirklichung der &#8222;Open Access Initiative&#8220;. <a href=\"http:\/\/open-access.net\/AT-DE\/informationen-fuer-verschiedene-faecher\/philosophie\/\">(deutsche Version)<\/a>, <a href=\"http:\/\/open-access.net\/AT-EN\/informationen-fuer-verschiedene-faecher\/philosophie\/\">(englische Version)<\/a>.<\/p>\n\n\n\n<p>Im <a href=\"http:\/\/sammelpunkt.philo.at\/cgi\/search\/simple?q=Hrachovec%2C+Herbert&amp;_action_search=Search&amp;_order=bytitle&amp;basic_srchtype=ALL&amp;_satisfyall=ALL\">OAI Archiv &#8222;Sammelpunkt&#8220;<\/a> ist ein gro\u00dfer Teil der philosophischen Arbeiten frei zug\u00e4nglich.<\/p>\n\n\n\n<p><a href=\"https:\/\/hrachovec.philo.at\/wp-content\/uploads\/2019\/01\/hhwpub.pdf\">Gesamtaufstellung<\/a> wissenschaftlicher Ver\u00f6ffentlichungen. Werkverzeichnis auf <a href=\"https:\/\/ucris.univie.ac.at\/portal\/de\/persons\/herbert-hrachovec(f797d23d-2431-4664-847b-6a6c6549204b)\/publications.html\">https:\/\/ucris.univie.ac.at<\/a>. Zitationen auf <a href=\"https:\/\/scholar.google.com\/citations?user=RMSPtGcAAAAJ&amp;hl=en\">Google Scholar<\/a>. <\/p>\n\n\n\n<p>Eine <a href=\"https:\/\/hrachovec.philo.at\/?page_id=589\">Auswahl \u00e4lterer Arbeiten<\/a> ist in HTML archiviert.<\/p>\n","protected":false},"excerpt":{"rendered":"<p>Ein Beitrag auf der Informationsplattform Der freie Zugang zu wissenschaftlicher Information erl\u00e4utert die Idee und den Stand der Verwirklichung der &#8222;Open Access Initiative&#8220;. (deutsche Version), (englische Version). Im OAI Archiv &#8222;Sammelpunkt&#8220; ist ein gro\u00dfer Teil der philosophischen Arbeiten frei zug\u00e4nglich. Gesamtaufstellung wissenschaftlicher Ver\u00f6ffentlichungen. Werkverzeichnis auf https:\/\/ucris.univie.ac.at. Zitationen auf Google Scholar. Eine Auswahl \u00e4lterer Arbeiten ist&hellip; <a class=\"read-more\" href=\"https:\/\/hrachovec.philo.at\/?page_id=345\">Read More<\/a><\/p>\n","protected":false},"author":1,"featured_media":0,"parent":0,"menu_order":0,"comment_status":"closed","ping_status":"closed","template":"","meta":{"ngg_post_thumbnail":0,"footnotes":""},"class_list":["post-345","page","type-page","status-publish","hentry"],"_links":{"self":[{"href":"https:\/\/hrachovec.philo.at\/index.php?rest_route=\/wp\/v2\/pages\/345","targetHints":{"allow":["GET"]}}],"collection":[{"href":"https:\/\/hrachovec.philo.at\/index.php?rest_route=\/wp\/v2\/pages"}],"about":[{"href":"https:\/\/hrachovec.philo.at\/index.php?rest_route=\/wp\/v2\/types\/page"}],"author":[{"embeddable":true,"href":"https:\/\/hrachovec.philo.at\/index.php?rest_route=\/wp\/v2\/users\/1"}],"replies":[{"embeddable":true,"href":"https:\/\/hrachovec.philo.at\/index.php?rest_route=%2Fwp%2Fv2%2Fcomments&post=345"}],"version-history":[{"count":8,"href":"https:\/\/hrachovec.philo.at\/index.php?rest_route=\/wp\/v2\/pages\/345\/revisions"}],"predecessor-version":[{"id":1171,"href":"https:\/\/hrachovec.philo.at\/index.php?rest_route=\/wp\/v2\/pages\/345\/revisions\/1171"}],"wp:attachment":[{"href":"https:\/\/hrachovec.philo.at\/index.php?rest_route=%2Fwp%2Fv2%2Fmedia&parent=345"}],"curies":[{"name":"wp","href":"https:\/\/api.w.org\/{rel}","templated":true}]}}