{"id":6,"date":"2009-04-19T14:26:04","date_gmt":"2009-04-19T14:26:04","guid":{"rendered":"http:\/\/hrachovec.philo.at\/?page_id=6"},"modified":"2009-04-19T14:26:04","modified_gmt":"2009-04-19T14:26:04","slug":"online-medien","status":"publish","type":"page","link":"https:\/\/hrachovec.philo.at\/?page_id=6","title":{"rendered":"Online Medien"},"content":{"rendered":"<p>Quatsch<\/p>\n<p>Give-List<\/p>\n<p>Monist Interactive Issue<\/p>\n<h3>Beitr\u00e4ge auf science.orf<\/h3>\n<ul>\n<li><a href=\"http:\/\/orf.at\/091203-45457\/index.html\">Die R\u00fcckkehr zum Tafelprinzip<\/a><\/li>\n<li><a href=\"http:\/\/science.orf.at\/stories\/1632550\/\">Aufkl\u00e4rung von oben oder Stillstand?<\/a><\/li>\n<li><a href=\"http:\/\/science.orf.at\/stories\/1671835\/\">Existenz und Exzellenz<\/a><\/li>\n<li><a href=\"http:\/\/science.orf.at\/stories\/1690207\/\">Anf\u00fchrungszeichen? Ein kleiner Zitierkurs<\/a><\/li>\n<li><a href=\"http:\/\/science.orf.at\/stories\/1694344\/\">Die ganze Arbeit ist ein Plagiat<\/a><\/li>\n<li><a href=\"http:\/\/science.orf.at\/stories\/2768411\/\">Drohnen \u00e4ndern die Regeln des Kriegs<\/a><\/li>\n<\/ul>\n<h3>Varia<\/h3>\n<ul>\n<li><a href=\"https:\/\/www.falter.at\/heureka\/FALTER_20140528B268861B64\/daten-im-kleinen-eine-reminiszenz\">Daten im Kleinen. Eine Reminiszenz<\/a><\/li>\n<li><a href=\"http:\/\/www.etc-magazin.com\/index.php\/wissen\/41-aspekt-1\/137-staatsform-demokratie\">Staatsform Demokratie<\/a><\/li>\n<li><a href=\"https:\/\/de.scribd.com\/document\/248267921\/Socrates-Truth-and-Peer-Production\">Socrates, Truth and Peer Production<\/a><\/li>\n<li><a href=\"http:\/\/cinetext.philo.at\/magazine\/kino_kunst\/kino_kunst.html\">Kino, Kunst und Massenkultur<\/a>\n<li><a href=\"https:\/\/digigeist.hypotheses.org\/116\">Digitalit\u00e4t, Diversit\u00e4t<\/a><\/li>\n<\/ul>\n","protected":false},"excerpt":{"rendered":"<p>Quatsch Give-List Monist Interactive Issue Beitr\u00e4ge auf science.orf Die R\u00fcckkehr zum Tafelprinzip Aufkl\u00e4rung von oben oder Stillstand? Existenz und Exzellenz Anf\u00fchrungszeichen? Ein kleiner Zitierkurs Die ganze Arbeit ist ein Plagiat Drohnen \u00e4ndern die Regeln des Kriegs Varia Daten im Kleinen. Eine Reminiszenz Staatsform Demokratie Socrates, Truth and Peer Production Kino, Kunst und Massenkultur Digitalit\u00e4t, Diversit\u00e4t&hellip; <a class=\"read-more\" href=\"https:\/\/hrachovec.philo.at\/?page_id=6\">Read More<\/a><\/p>\n","protected":false},"author":1,"featured_media":0,"parent":0,"menu_order":0,"comment_status":"closed","ping_status":"closed","template":"","meta":{"ngg_post_thumbnail":0,"footnotes":""},"class_list":["post-6","page","type-page","status-publish","hentry"],"_links":{"self":[{"href":"https:\/\/hrachovec.philo.at\/index.php?rest_route=\/wp\/v2\/pages\/6","targetHints":{"allow":["GET"]}}],"collection":[{"href":"https:\/\/hrachovec.philo.at\/index.php?rest_route=\/wp\/v2\/pages"}],"about":[{"href":"https:\/\/hrachovec.philo.at\/index.php?rest_route=\/wp\/v2\/types\/page"}],"author":[{"embeddable":true,"href":"https:\/\/hrachovec.philo.at\/index.php?rest_route=\/wp\/v2\/users\/1"}],"replies":[{"embeddable":true,"href":"https:\/\/hrachovec.philo.at\/index.php?rest_route=%2Fwp%2Fv2%2Fcomments&post=6"}],"version-history":[{"count":0,"href":"https:\/\/hrachovec.philo.at\/index.php?rest_route=\/wp\/v2\/pages\/6\/revisions"}],"wp:attachment":[{"href":"https:\/\/hrachovec.philo.at\/index.php?rest_route=%2Fwp%2Fv2%2Fmedia&parent=6"}],"curies":[{"name":"wp","href":"https:\/\/api.w.org\/{rel}","templated":true}]}}