{"id":654,"date":"2016-09-17T13:16:45","date_gmt":"2016-09-17T13:16:45","guid":{"rendered":"http:\/\/krach.philo.at\/?page_id=654"},"modified":"2016-10-05T15:41:01","modified_gmt":"2016-10-05T15:41:01","slug":"kunst-und-kritik","status":"publish","type":"page","link":"https:\/\/hrachovec.philo.at\/?page_id=654","title":{"rendered":"Kunst und Kritik"},"content":{"rendered":"<ul>\n<li><a href=\"https:\/\/hrachovec.philo.at\/?page_id=656\">15 Thesen \u00fcber Weltverbundenheit<\/a>.<br \/>\nWie verl\u00e4\u00dflich sind unsere Sinnesorgane? Antworten des Empirismus und der Hermeneutik anl\u00e4\u00dflich einer Ausstellung.[1. In: Sinneswerkzeug. Kunst als Instrument. Bernhard Leitner, Max Peintner, Alfons Schilling. Wien 1991. S. 12-21]<\/li>\n<li><a href=\"https:\/\/hrachovec.philo.at\/?page_id=664\">Afraid of no Ghost<\/a>.<br \/>\nJacques Derrida bem\u00fcht Hamlet zum Verst\u00e4ndnis von Karl Marx.[2. Falter 1995 Nr. 41 S.48f]<\/li>\n<p>&nbsp;<\/p>\n<\/ul>\n","protected":false},"excerpt":{"rendered":"<p>15 Thesen \u00fcber Weltverbundenheit. Wie verl\u00e4\u00dflich sind unsere Sinnesorgane? Antworten des Empirismus und der Hermeneutik anl\u00e4\u00dflich einer Ausstellung.[1. In: Sinneswerkzeug. Kunst als Instrument. Bernhard Leitner, Max Peintner, Alfons Schilling. Wien 1991. S. 12-21] Afraid of no Ghost. Jacques Derrida bem\u00fcht Hamlet zum Verst\u00e4ndnis von Karl Marx.[2. Falter 1995 Nr. 41 S.48f] &nbsp;&hellip; <a class=\"read-more\" href=\"https:\/\/hrachovec.philo.at\/?page_id=654\">Read More<\/a><\/p>\n","protected":false},"author":1,"featured_media":0,"parent":0,"menu_order":0,"comment_status":"closed","ping_status":"closed","template":"","meta":{"ngg_post_thumbnail":0,"footnotes":""},"class_list":["post-654","page","type-page","status-publish","hentry"],"_links":{"self":[{"href":"https:\/\/hrachovec.philo.at\/index.php?rest_route=\/wp\/v2\/pages\/654","targetHints":{"allow":["GET"]}}],"collection":[{"href":"https:\/\/hrachovec.philo.at\/index.php?rest_route=\/wp\/v2\/pages"}],"about":[{"href":"https:\/\/hrachovec.philo.at\/index.php?rest_route=\/wp\/v2\/types\/page"}],"author":[{"embeddable":true,"href":"https:\/\/hrachovec.philo.at\/index.php?rest_route=\/wp\/v2\/users\/1"}],"replies":[{"embeddable":true,"href":"https:\/\/hrachovec.philo.at\/index.php?rest_route=%2Fwp%2Fv2%2Fcomments&post=654"}],"version-history":[{"count":0,"href":"https:\/\/hrachovec.philo.at\/index.php?rest_route=\/wp\/v2\/pages\/654\/revisions"}],"wp:attachment":[{"href":"https:\/\/hrachovec.philo.at\/index.php?rest_route=%2Fwp%2Fv2%2Fmedia&parent=654"}],"curies":[{"name":"wp","href":"https:\/\/api.w.org\/{rel}","templated":true}]}}