{"id":677,"date":"2016-09-17T18:10:08","date_gmt":"2016-09-17T18:10:08","guid":{"rendered":"http:\/\/krach.philo.at\/?page_id=677"},"modified":"2016-10-05T15:42:07","modified_gmt":"2016-10-05T15:42:07","slug":"politik-und-polemik","status":"publish","type":"page","link":"https:\/\/hrachovec.philo.at\/?page_id=677","title":{"rendered":"Politik und Polemik"},"content":{"rendered":"<ul>\n<li><a href=\"https:\/\/hrachovec.philo.at\/?page_id=675\">Es war einmal in Hollabrunn<\/a><br \/>\n.Ein Wiener Kardinal mit p\u00e4dophiler Vergangenheit.<\/i>[1. Der Standard 31.3.1995]<\/li>\n<li><a href=\"https:\/\/hrachovec.philo.at\/wp-content\/uploads\/gegenkulturen\/gegenkulturen.html\">Gegenkulturen<\/a>.<br \/>\nEin Versuch \u00fcber die Grenzen der Toleranz. Davidsons Quinekritik steht im Hintergrund eines Pl\u00e4doyers gegen den schlampigen Umgang mit Toleranz.[2. <a href=\"https:\/\/audiothek.philo.at\/podcasts\/davidson-wien-2000\/gegenkulturen-ein-versuch-ueber-die-grenzen-von-to\">Kongressbeitrag<\/a>.]<\/li>\n<li><a href=\"https:\/\/hrachovec.philo.at\/?page_id=690\">Menschenrecht Heimat<\/a>.<br \/>\nDie beiden Termini in diesem Titel passen schlecht zusammen.[3. Falter 3 (1993), S.10]<\/li>\n<li><a href=\"https:\/\/hrachovec.philo.at\/wp-content\/uploads\/fpoe\/fpoe.html\">Das Rendezvous der L\u00f6wen und der L\u00e4mmer<\/a>.<br \/>\nRezension eines Jahrbuches der &#8222;Freiheitlichen Partei \u00d6sterreichs&#8220;, in dem auch Institutskollegen vertreten sind.[4. FORVM 485\/486 (1994), S.29-31]<\/p>\n<p>&nbsp;<\/p>\n<\/ul>\n","protected":false},"excerpt":{"rendered":"<p>Es war einmal in Hollabrunn .Ein Wiener Kardinal mit p\u00e4dophiler Vergangenheit.[1. Der Standard 31.3.1995] Gegenkulturen. Ein Versuch \u00fcber die Grenzen der Toleranz. Davidsons Quinekritik steht im Hintergrund eines Pl\u00e4doyers gegen den schlampigen Umgang mit Toleranz.[2. Kongressbeitrag.] Menschenrecht Heimat. Die beiden Termini in diesem Titel passen schlecht zusammen.[3. Falter 3 (1993), S.10] Das Rendezvous der L\u00f6wen&hellip; <a class=\"read-more\" href=\"https:\/\/hrachovec.philo.at\/?page_id=677\">Read More<\/a><\/p>\n","protected":false},"author":1,"featured_media":0,"parent":0,"menu_order":0,"comment_status":"closed","ping_status":"closed","template":"","meta":{"ngg_post_thumbnail":0,"footnotes":""},"class_list":["post-677","page","type-page","status-publish","hentry"],"_links":{"self":[{"href":"https:\/\/hrachovec.philo.at\/index.php?rest_route=\/wp\/v2\/pages\/677","targetHints":{"allow":["GET"]}}],"collection":[{"href":"https:\/\/hrachovec.philo.at\/index.php?rest_route=\/wp\/v2\/pages"}],"about":[{"href":"https:\/\/hrachovec.philo.at\/index.php?rest_route=\/wp\/v2\/types\/page"}],"author":[{"embeddable":true,"href":"https:\/\/hrachovec.philo.at\/index.php?rest_route=\/wp\/v2\/users\/1"}],"replies":[{"embeddable":true,"href":"https:\/\/hrachovec.philo.at\/index.php?rest_route=%2Fwp%2Fv2%2Fcomments&post=677"}],"version-history":[{"count":0,"href":"https:\/\/hrachovec.philo.at\/index.php?rest_route=\/wp\/v2\/pages\/677\/revisions"}],"wp:attachment":[{"href":"https:\/\/hrachovec.philo.at\/index.php?rest_route=%2Fwp%2Fv2%2Fmedia&parent=677"}],"curies":[{"name":"wp","href":"https:\/\/api.w.org\/{rel}","templated":true}]}}