{"id":809,"date":"2016-10-04T10:34:47","date_gmt":"2016-10-04T10:34:47","guid":{"rendered":"http:\/\/hrachovec.philo.at\/?page_id=809"},"modified":"2024-01-17T11:08:14","modified_gmt":"2024-01-17T10:08:14","slug":"home","status":"publish","type":"page","link":"https:\/\/hrachovec.philo.at\/","title":{"rendered":"Home"},"content":{"rendered":"<div class=\"wp-block-image\">\n<figure class=\"aligncenter\"><a href=\"https:\/\/hrachovec.philo.at\/wp-content\/uploads\/2014\/11\/poys4-sharpen.jpg\" rel=\"attachment wp-att-204\"><img decoding=\"async\" src=\"https:\/\/hrachovec.philo.at\/wp-content\/uploads\/2014\/11\/poys4-sharpen.jpg\" alt=\"poys4-sharpen\" class=\"wp-image-204\"\/><\/a><\/figure><\/div>\n\n\n<p class=\"has-medium-font-size\"><\/p>\n\n\n\n\n\n\n\n\n\n\n\n<blockquote class=\"wp-block-quote is-layout-flow wp-block-quote-is-layout-flow\">\n<p class=\"has-medium-font-size\">Wir lernen als Kinder zugleich die Begriffe und was man mit ihnen macht. Es kommt vor, da\u00df wir sp\u00e4ter einen neuen und f\u00fcr uns zweckm\u00e4\u00dfigern Begriff einf\u00fchren. Das wird aber nur in sehr bestimmten und kleinen Gebieten vorkommen und es setzt voraus, da\u00df die meisten Begriffe unver\u00e4ndert bleiben.<\/p>\n\n\n\n<p class=\"has-medium-font-size\"><em>Ludwig Wittgenstein, MS 169, 70v<\/em><\/p>\n\n\n\n<p class=\"has-medium-font-size\"><\/p>\n<\/blockquote>\n\n\n\n\n\n\n\n<blockquote class=\"wp-block-quote is-layout-flow wp-block-quote-is-layout-flow\">\n<p class=\"has-medium-font-size\">Cf. the fly catcher. If you want to let him out, you\u2019d have to surround this by something dark. As long as there is light there, the fly can never do it. <\/p>\n\n\n\n<p class=\"has-medium-font-size\">If I am puzzled philosophically, I immediately darken all that which seems to me light, and try frantically to think of something entirely different. The point is, you can\u2019t get out as long as you are fascinated. The only thing to do is to go to an example where nothing fascinates me.<\/p>\n\n\n\n<p class=\"has-medium-font-size\"><em>Wittgenstein\u2019s Whewell\u2019s Court Lectures<\/em>, 196<\/p>\n<\/blockquote>\n","protected":false},"excerpt":{"rendered":"<p>Wir lernen als Kinder zugleich die Begriffe und was man mit ihnen macht. Es kommt vor, da\u00df wir sp\u00e4ter einen neuen und f\u00fcr uns zweckm\u00e4\u00dfigern Begriff einf\u00fchren. Das wird aber nur in sehr bestimmten und kleinen Gebieten vorkommen und es setzt voraus, da\u00df die meisten Begriffe unver\u00e4ndert bleiben. Ludwig Wittgenstein, MS 169, 70v Cf. the&hellip; <a class=\"read-more\" href=\"https:\/\/hrachovec.philo.at\/\">Read More<\/a><\/p>\n","protected":false},"author":1,"featured_media":0,"parent":0,"menu_order":0,"comment_status":"closed","ping_status":"closed","template":"","meta":{"ngg_post_thumbnail":0,"footnotes":""},"class_list":["post-809","page","type-page","status-publish","hentry"],"_links":{"self":[{"href":"https:\/\/hrachovec.philo.at\/index.php?rest_route=\/wp\/v2\/pages\/809","targetHints":{"allow":["GET"]}}],"collection":[{"href":"https:\/\/hrachovec.philo.at\/index.php?rest_route=\/wp\/v2\/pages"}],"about":[{"href":"https:\/\/hrachovec.philo.at\/index.php?rest_route=\/wp\/v2\/types\/page"}],"author":[{"embeddable":true,"href":"https:\/\/hrachovec.philo.at\/index.php?rest_route=\/wp\/v2\/users\/1"}],"replies":[{"embeddable":true,"href":"https:\/\/hrachovec.philo.at\/index.php?rest_route=%2Fwp%2Fv2%2Fcomments&post=809"}],"version-history":[{"count":5,"href":"https:\/\/hrachovec.philo.at\/index.php?rest_route=\/wp\/v2\/pages\/809\/revisions"}],"predecessor-version":[{"id":1233,"href":"https:\/\/hrachovec.philo.at\/index.php?rest_route=\/wp\/v2\/pages\/809\/revisions\/1233"}],"wp:attachment":[{"href":"https:\/\/hrachovec.philo.at\/index.php?rest_route=%2Fwp%2Fv2%2Fmedia&parent=809"}],"curies":[{"name":"wp","href":"https:\/\/api.w.org\/{rel}","templated":true}]}}